{"id":542,"date":"2020-05-24T12:59:31","date_gmt":"2020-05-24T10:59:31","guid":{"rendered":"http:\/\/lamirada.org.pl\/?page_id=542"},"modified":"2023-02-15T17:41:21","modified_gmt":"2023-02-15T15:41:21","slug":"kurs-tanga-on-line","status":"publish","type":"page","link":"https:\/\/lamirada.org.pl\/index.php\/kurs-tanga-on-line\/","title":{"rendered":"Kurs tanga on-line dla pocz\u0105tkuj\u0105cych"},"content":{"rendered":"\n<p class=\"has-medium-font-size\">Kurs zosta\u0142 zrealizowany przez Dzielnicowy O\u015brodek Kultury Ursyn\u00f3w.<\/p>\n\n\n\n<p class=\"has-medium-font-size\"><strong>Prowadz\u0105 kurs: <\/strong><\/p>\n\n\n\n<p>nauczyciele tanga argenty\u0144skiego <strong>Joanna Balowska<\/strong> i <strong>Marcin Akielaszek <\/strong><\/p>\n\n\n\n<p class=\"has-medium-font-size\"><strong>Lekcja 1  &#8211; obj\u0119cie, balans, chodzenie<\/strong> <strong>(caminata)<\/strong>, a tak\u017ce og\u00f3lne informacje o tangu<\/p>\n\n\n\n<figure class=\"wp-block-embed is-type-video is-provider-youtube wp-block-embed-youtube wp-embed-aspect-16-9 wp-has-aspect-ratio\"><div class=\"wp-block-embed__wrapper\">\n<iframe loading=\"lazy\" title=\"Tango w DOK Ursyn\u00f3w - lekcja 1\" width=\"840\" height=\"473\" src=\"https:\/\/www.youtube.com\/embed\/cE4VXUkqpoM?start=207&#038;feature=oembed\" frameborder=\"0\" allow=\"accelerometer; autoplay; clipboard-write; encrypted-media; gyroscope; picture-in-picture; web-share\" allowfullscreen><\/iframe>\n<\/div><figcaption>&#8222;La Mirada&#8221; &#8211; kurs tanga argenty\u0144skiego dla pocz\u0105tkuj\u0105cych, lekcja 1. &#8211; caminata, obj\u0119cie, balans.<\/figcaption><\/figure>\n\n\n\n<p><\/p>\n\n\n\n<p class=\"has-medium-font-size\"><strong>Lekcja 2  &#8211;  ko\u0142yska, odbitki<\/strong> i po co uczymy si\u0119 ta\u0144czy\u0107 tango<\/p>\n\n\n\n<figure class=\"wp-block-embed is-type-video is-provider-youtube wp-block-embed-youtube wp-embed-aspect-16-9 wp-has-aspect-ratio\"><div class=\"wp-block-embed__wrapper\">\n<iframe loading=\"lazy\" title=\"Tango w DOK Ursyn\u00f3w - lekcja 2\" width=\"840\" height=\"473\" src=\"https:\/\/www.youtube.com\/embed\/x8v2rQCLO5Y?start=328&#038;feature=oembed\" frameborder=\"0\" allow=\"accelerometer; autoplay; clipboard-write; encrypted-media; gyroscope; picture-in-picture; web-share\" allowfullscreen><\/iframe>\n<\/div><figcaption>&#8222;La Mirada&#8221; &#8211; kurs tanga argenty\u0144skiego dla pocz\u0105tkuj\u0105cych, lekcja 2. &#8211; ko\u0142yska, odbitki.<\/figcaption><\/figure>\n\n\n\n<p><\/p>\n\n\n\n<p class=\"has-medium-font-size\"><strong>Lekcja 3  &#8211;  baldosa <\/strong>oraz jak prosi\u0107 panie do tanga na milondze, czyli mirada  i cabeceo.<\/p>\n\n\n\n<figure class=\"wp-block-embed is-type-video is-provider-youtube wp-block-embed-youtube wp-embed-aspect-16-9 wp-has-aspect-ratio\"><div class=\"wp-block-embed__wrapper\">\n<iframe loading=\"lazy\" title=\"Tango w DOK Ursyn\u00f3w - lekcja 3\" width=\"840\" height=\"473\" src=\"https:\/\/www.youtube.com\/embed\/g7lULOOZUmw?start=13&#038;feature=oembed\" frameborder=\"0\" allow=\"accelerometer; autoplay; clipboard-write; encrypted-media; gyroscope; picture-in-picture; web-share\" allowfullscreen><\/iframe>\n<\/div><figcaption>&#8222;La Mirada&#8221; &#8211; kurs tanga argenty\u0144skiego dla pocz\u0105tkuj\u0105cych, lekcja 3. &#8211; baldosa, czyli 6-ciokrok.<\/figcaption><\/figure>\n\n\n\n<p><\/p>\n\n\n\n<p class=\"has-medium-font-size\"><strong>Lekcja 4 &#8211;  ocho przednie <\/strong>oraz formy muzyczne w tangu &#8211; tango, vals, milonga.<\/p>\n\n\n\n<figure class=\"wp-block-embed is-type-video is-provider-youtube wp-block-embed-youtube wp-embed-aspect-16-9 wp-has-aspect-ratio\"><div class=\"wp-block-embed__wrapper\">\n<iframe loading=\"lazy\" title=\"Tango w DOK Ursyn\u00f3w - lekcja 4\" width=\"840\" height=\"473\" src=\"https:\/\/www.youtube.com\/embed\/D6I2ABEwvoY?start=451&#038;feature=oembed\" frameborder=\"0\" allow=\"accelerometer; autoplay; clipboard-write; encrypted-media; gyroscope; picture-in-picture; web-share\" allowfullscreen><\/iframe>\n<\/div><figcaption>&#8222;La Mirada&#8221; &#8211; kurs tanga argenty\u0144skiego dla pocz\u0105tkuj\u0105cych, lekcja 4. &#8211; ocho przednie.<\/figcaption><\/figure>\n\n\n\n<p><\/p>\n\n\n\n<p class=\"has-medium-font-size\"><strong>Lekcja 5  &#8211;  ocho tylne<\/strong>, a tak\u017ce jak si\u0119 ubra\u0107 na milong\u0119.<\/p>\n\n\n\n<figure class=\"wp-block-embed is-type-video is-provider-youtube wp-block-embed-youtube wp-embed-aspect-16-9 wp-has-aspect-ratio\"><div class=\"wp-block-embed__wrapper\">\n<iframe loading=\"lazy\" title=\"Tango w DOK Ursyn\u00f3w - lekcja 5\" width=\"840\" height=\"473\" src=\"https:\/\/www.youtube.com\/embed\/G423aj-6XmA?start=565&#038;feature=oembed\" frameborder=\"0\" allow=\"accelerometer; autoplay; clipboard-write; encrypted-media; gyroscope; picture-in-picture; web-share\" allowfullscreen><\/iframe>\n<\/div><figcaption>&#8222;La Mirada&#8221; &#8211; kurs tanga argenty\u0144skiego dla pocz\u0105tkuj\u0105cych, lekcja 5. &#8211; ocho tylne.<\/figcaption><\/figure>\n\n\n\n<p><\/p>\n\n\n\n<p class=\"has-medium-font-size\"><strong>Lekcja 6 &#8211; kanapka i dysocjacja<\/strong> oraz zasady obowi\u0105zuj\u0105ce na milondze.<\/p>\n\n\n\n<figure class=\"wp-block-embed is-type-video is-provider-youtube wp-block-embed-youtube wp-embed-aspect-16-9 wp-has-aspect-ratio\"><div class=\"wp-block-embed__wrapper\">\n<iframe loading=\"lazy\" title=\"Tango w DOK Ursyn\u00f3w - lekcja 6.\" width=\"840\" height=\"473\" src=\"https:\/\/www.youtube.com\/embed\/wRKhCrYVQHs?feature=oembed\" frameborder=\"0\" allow=\"accelerometer; autoplay; clipboard-write; encrypted-media; gyroscope; picture-in-picture; web-share\" allowfullscreen><\/iframe>\n<\/div><figcaption>&#8222;La Mirada&#8221; &#8211; kurs tanga argenty\u0144skiego dla pocz\u0105tkuj\u0105cych, lekcja 6. &#8211; kanapka i dysocjacja.<\/figcaption><\/figure>\n\n\n\n<p><\/p>\n\n\n\n<p class=\"has-medium-font-size\"><strong>Lekcja 7 &#8211; krok r\u00f3wnoleg\u0142y, skrzy\u017cowany i outside<\/strong>, a tak\u017ce s\u0142\u00f3w kilka o orkiestrach tangowych.<\/p>\n\n\n\n<figure class=\"wp-block-embed is-type-video is-provider-youtube wp-block-embed-youtube wp-embed-aspect-16-9 wp-has-aspect-ratio\"><div class=\"wp-block-embed__wrapper\">\n<iframe loading=\"lazy\" title=\"Tango w DOK Ursyn\u00f3w - lekcja 7.\" width=\"840\" height=\"473\" src=\"https:\/\/www.youtube.com\/embed\/kPArtPmTbvY?feature=oembed\" frameborder=\"0\" allow=\"accelerometer; autoplay; clipboard-write; encrypted-media; gyroscope; picture-in-picture; web-share\" allowfullscreen><\/iframe>\n<\/div><figcaption>&#8222;La Mirada&#8221; &#8211; kurs tanga argenty\u0144skiego dla pocz\u0105tkuj\u0105cych, lekcja 7. &#8211; rodzaje chodzenia.<\/figcaption><\/figure>\n\n\n\n<p><\/p>\n\n\n\n<p class=\"has-medium-font-size\"><strong>Lekcja 8  &#8211;  krzy\u017cyk<\/strong> i o sukienkach oraz butach do tanga.<\/p>\n\n\n\n<figure class=\"wp-block-embed is-type-video is-provider-youtube wp-block-embed-youtube wp-embed-aspect-16-9 wp-has-aspect-ratio\"><div class=\"wp-block-embed__wrapper\">\n<iframe loading=\"lazy\" title=\"Tango w DOK Ursyn\u00f3w - lekcja 8\" width=\"840\" height=\"473\" src=\"https:\/\/www.youtube.com\/embed\/hB0cYBOFtRA?feature=oembed\" frameborder=\"0\" allow=\"accelerometer; autoplay; clipboard-write; encrypted-media; gyroscope; picture-in-picture; web-share\" allowfullscreen><\/iframe>\n<\/div><figcaption>&#8222;La Mirada&#8221; &#8211; kurs tanga argenty\u0144skiego dla pocz\u0105tkuj\u0105cych, lekcja 8. &#8211; krzy\u017cyk.<\/figcaption><\/figure>\n\n\n\n<p><\/p>\n\n\n\n<p class=\"has-medium-font-size\"><strong>Lekcja 9  &#8211;  odbitki boczne<\/strong> oraz o tym, czy lepsze s\u0105 kursy grupowe czy lekcje indywidualne u dobrego nauczyciela.<\/p>\n\n\n\n<figure class=\"wp-block-embed is-type-video is-provider-youtube wp-block-embed-youtube wp-embed-aspect-16-9 wp-has-aspect-ratio\"><div class=\"wp-block-embed__wrapper\">\n<iframe loading=\"lazy\" title=\"Tango w DOK Ursyn\u00f3w - lekcja 9\" width=\"840\" height=\"473\" src=\"https:\/\/www.youtube.com\/embed\/mLHsRW6qrZE?feature=oembed\" frameborder=\"0\" allow=\"accelerometer; autoplay; clipboard-write; encrypted-media; gyroscope; picture-in-picture; web-share\" allowfullscreen><\/iframe>\n<\/div><figcaption>&#8222;La Mirada&#8221; &#8211; kurs tanga argenty\u0144skiego dla pocz\u0105tkuj\u0105cych, lekcja 9. &#8211; odbitki boczne.<\/figcaption><\/figure>\n\n\n\n<p><\/p>\n\n\n\n<p><strong>Lekcja 10 &#8211; podsumowanie,<\/strong> czyli po\u0142\u0105czenie wszystkich element\u00f3w w jednym tangu.<\/p>\n\n\n\n<figure class=\"wp-block-embed is-type-video is-provider-youtube wp-block-embed-youtube wp-embed-aspect-16-9 wp-has-aspect-ratio\"><div class=\"wp-block-embed__wrapper\">\n<iframe loading=\"lazy\" title=\"Tango w DOK Ursyn\u00f3w - lekcja 10\" width=\"840\" height=\"473\" src=\"https:\/\/www.youtube.com\/embed\/vGY_Fdc6BzY?list=PLCODmzgAqnKpPDJiga0D9LYj-3UaKgJWf\" frameborder=\"0\" allow=\"accelerometer; autoplay; clipboard-write; encrypted-media; gyroscope; picture-in-picture; web-share\" allowfullscreen><\/iframe>\n<\/div><\/figure>\n\n\n\n<p><\/p>\n\n\n\n<p><\/p>\n\n\n\n<p><\/p>\n","protected":false},"excerpt":{"rendered":"<p>Kurs zosta\u0142 zrealizowany przez Dzielnicowy O\u015brodek Kultury Ursyn\u00f3w. Prowadz\u0105 kurs: nauczyciele tanga argenty\u0144skiego Joanna Balowska i Marcin Akielaszek Lekcja 1 &#8211; obj\u0119cie, balans, chodzenie (caminata), a tak\u017ce og\u00f3lne informacje o tangu Lekcja 2 &#8211; ko\u0142yska, odbitki i po co uczymy si\u0119 ta\u0144czy\u0107 tango Lekcja 3 &#8211; baldosa oraz jak prosi\u0107 panie do tanga na milondze, &hellip; <a href=\"https:\/\/lamirada.org.pl\/index.php\/kurs-tanga-on-line\/\" class=\"more-link\">Czytaj dalej<span class=\"screen-reader-text\"> \u201eKurs tanga on-line dla pocz\u0105tkuj\u0105cych\u201d<\/span><\/a><\/p>\n","protected":false},"author":1,"featured_media":0,"parent":0,"menu_order":0,"comment_status":"closed","ping_status":"closed","template":"","meta":{"ngg_post_thumbnail":0,"footnotes":""},"_links":{"self":[{"href":"https:\/\/lamirada.org.pl\/index.php\/wp-json\/wp\/v2\/pages\/542"}],"collection":[{"href":"https:\/\/lamirada.org.pl\/index.php\/wp-json\/wp\/v2\/pages"}],"about":[{"href":"https:\/\/lamirada.org.pl\/index.php\/wp-json\/wp\/v2\/types\/page"}],"author":[{"embeddable":true,"href":"https:\/\/lamirada.org.pl\/index.php\/wp-json\/wp\/v2\/users\/1"}],"replies":[{"embeddable":true,"href":"https:\/\/lamirada.org.pl\/index.php\/wp-json\/wp\/v2\/comments?post=542"}],"version-history":[{"count":20,"href":"https:\/\/lamirada.org.pl\/index.php\/wp-json\/wp\/v2\/pages\/542\/revisions"}],"predecessor-version":[{"id":726,"href":"https:\/\/lamirada.org.pl\/index.php\/wp-json\/wp\/v2\/pages\/542\/revisions\/726"}],"wp:attachment":[{"href":"https:\/\/lamirada.org.pl\/index.php\/wp-json\/wp\/v2\/media?parent=542"}],"curies":[{"name":"wp","href":"https:\/\/api.w.org\/{rel}","templated":true}]}}